{"id":118,"date":"2021-11-15T02:56:37","date_gmt":"2021-11-15T01:56:37","guid":{"rendered":"http:\/\/tchibo2go-hungary.dennisjonda.dev\/piacetto\/?page_id=118"},"modified":"2024-04-22T16:36:07","modified_gmt":"2024-04-22T14:36:07","slug":"startseite","status":"publish","type":"page","link":"https:\/\/tchibo2go.tr\/piacetto\/","title":{"rendered":"Tchibo2Go &#8211; Piacetto"},"content":{"rendered":"","protected":false},"excerpt":{"rendered":"","protected":false},"author":1,"featured_media":0,"parent":0,"menu_order":0,"comment_status":"closed","ping_status":"closed","template":"","meta":{"footnotes":""},"class_list":["post-118","page","type-page","status-publish","hentry"],"yoast_head":"<!-- This site is optimized with the Yoast SEO plugin v18.6 - https:\/\/yoast.com\/wordpress\/plugins\/seo\/ -->\n<title>Her \u015fey dahil self-servis kahve bar\u0131 - Piacetto<\/title>\n<meta name=\"description\" content=\"\u0130talyan Lezzeti - M\u00fc\u015fterilerinizi premium kahve ile memnun ederken gelirinizi \u00fcst seviyeye \u00e7\u0131kar\u0131n. Piacetto2Go hakk\u0131nda daha fazla bilgi edinin!\" \/>\n<meta name=\"robots\" content=\"noindex, follow, max-snippet:-1, max-image-preview:large, max-video-preview:-1\" \/>\n<meta property=\"og:locale\" content=\"de_DE\" \/>\n<meta property=\"og:type\" content=\"article\" \/>\n<meta property=\"og:title\" content=\"Her \u015fey dahil self-servis kahve bar\u0131 - Piacetto\" \/>\n<meta property=\"og:description\" content=\"\u0130talyan Lezzeti - M\u00fc\u015fterilerinizi premium kahve ile memnun ederken gelirinizi \u00fcst seviyeye \u00e7\u0131kar\u0131n. Piacetto2Go hakk\u0131nda daha fazla bilgi edinin!\" \/>\n<meta property=\"og:url\" content=\"https:\/\/tchibo2go.tr\/piacetto\/\" \/>\n<meta property=\"og:site_name\" content=\"Piacetto\" \/>\n<meta property=\"article:modified_time\" content=\"2024-04-22T14:36:07+00:00\" \/>\n<meta name=\"twitter:card\" content=\"summary_large_image\" \/>\n<script type=\"application\/ld+json\" class=\"yoast-schema-graph\">{\"@context\":\"https:\/\/schema.org\",\"@graph\":[{\"@type\":\"Organization\",\"@id\":\"https:\/\/tchibo2go.tr\/piacetto\/#organization\",\"name\":\"Tchibo2Go - Piacetto\",\"url\":\"https:\/\/tchibo2go.tr\/piacetto\/\",\"sameAs\":[],\"logo\":{\"@type\":\"ImageObject\",\"@id\":\"https:\/\/tchibo2go.tr\/piacetto\/#logo\",\"inLanguage\":\"de\",\"url\":\"https:\/\/tchibo2go.net\/piacetto\/wp-content\/uploads\/sites\/3\/2021\/11\/Piacetto_logo-tile_RGB_RZ.svg\",\"contentUrl\":\"https:\/\/tchibo2go.net\/piacetto\/wp-content\/uploads\/sites\/3\/2021\/11\/Piacetto_logo-tile_RGB_RZ.svg\",\"width\":\"1024\",\"height\":\"1024\",\"caption\":\"Tchibo2Go - Piacetto\"},\"image\":{\"@id\":\"https:\/\/tchibo2go.tr\/piacetto\/#logo\"}},{\"@type\":\"WebSite\",\"@id\":\"https:\/\/tchibo2go.tr\/piacetto\/#website\",\"url\":\"https:\/\/tchibo2go.tr\/piacetto\/\",\"name\":\"Piacetto\",\"description\":\"Eine weitere Tchibo2Go Websites Website\",\"publisher\":{\"@id\":\"https:\/\/tchibo2go.tr\/piacetto\/#organization\"},\"potentialAction\":[{\"@type\":\"SearchAction\",\"target\":{\"@type\":\"EntryPoint\",\"urlTemplate\":\"https:\/\/tchibo2go.tr\/piacetto\/?s={search_term_string}\"},\"query-input\":\"required name=search_term_string\"}],\"inLanguage\":\"de\"},{\"@type\":\"WebPage\",\"@id\":\"https:\/\/tchibo2go.tr\/piacetto\/#webpage\",\"url\":\"https:\/\/tchibo2go.tr\/piacetto\/\",\"name\":\"Her \u015fey dahil self-servis kahve bar\u0131 - Piacetto\",\"isPartOf\":{\"@id\":\"https:\/\/tchibo2go.tr\/piacetto\/#website\"},\"datePublished\":\"2021-11-15T01:56:37+00:00\",\"dateModified\":\"2024-04-22T14:36:07+00:00\",\"description\":\"\u0130talyan Lezzeti - M\u00fc\u015fterilerinizi premium kahve ile memnun ederken gelirinizi \u00fcst seviyeye \u00e7\u0131kar\u0131n. Piacetto2Go hakk\u0131nda daha fazla bilgi edinin!\",\"breadcrumb\":{\"@id\":\"https:\/\/tchibo2go.tr\/piacetto\/#breadcrumb\"},\"inLanguage\":\"de\",\"potentialAction\":[{\"@type\":\"ReadAction\",\"target\":[\"https:\/\/tchibo2go.tr\/piacetto\/\"]}]},{\"@type\":\"BreadcrumbList\",\"@id\":\"https:\/\/tchibo2go.tr\/piacetto\/#breadcrumb\",\"itemListElement\":[{\"@type\":\"ListItem\",\"position\":1,\"name\":\"Startseite\",\"item\":\"https:\/\/tchibo2go.tr\/piacetto\/\"},{\"@type\":\"ListItem\",\"position\":2,\"name\":\"Tchibo2Go &#8211; Piacetto\"}]}]}<\/script>\n<!-- \/ Yoast SEO plugin. -->","yoast_head_json":{"title":"Her \u015fey dahil self-servis kahve bar\u0131 - Piacetto","description":"\u0130talyan Lezzeti - M\u00fc\u015fterilerinizi premium kahve ile memnun ederken gelirinizi \u00fcst seviyeye \u00e7\u0131kar\u0131n. Piacetto2Go hakk\u0131nda daha fazla bilgi edinin!","robots":{"index":"noindex","follow":"follow","max-snippet":"max-snippet:-1","max-image-preview":"max-image-preview:large","max-video-preview":"max-video-preview:-1"},"og_locale":"de_DE","og_type":"article","og_title":"Her \u015fey dahil self-servis kahve bar\u0131 - Piacetto","og_description":"\u0130talyan Lezzeti - M\u00fc\u015fterilerinizi premium kahve ile memnun ederken gelirinizi \u00fcst seviyeye \u00e7\u0131kar\u0131n. Piacetto2Go hakk\u0131nda daha fazla bilgi edinin!","og_url":"https:\/\/tchibo2go.tr\/piacetto\/","og_site_name":"Piacetto","article_modified_time":"2024-04-22T14:36:07+00:00","twitter_card":"summary_large_image","schema":{"@context":"https:\/\/schema.org","@graph":[{"@type":"Organization","@id":"https:\/\/tchibo2go.tr\/piacetto\/#organization","name":"Tchibo2Go - Piacetto","url":"https:\/\/tchibo2go.tr\/piacetto\/","sameAs":[],"logo":{"@type":"ImageObject","@id":"https:\/\/tchibo2go.tr\/piacetto\/#logo","inLanguage":"de","url":"https:\/\/tchibo2go.net\/piacetto\/wp-content\/uploads\/sites\/3\/2021\/11\/Piacetto_logo-tile_RGB_RZ.svg","contentUrl":"https:\/\/tchibo2go.net\/piacetto\/wp-content\/uploads\/sites\/3\/2021\/11\/Piacetto_logo-tile_RGB_RZ.svg","width":"1024","height":"1024","caption":"Tchibo2Go - Piacetto"},"image":{"@id":"https:\/\/tchibo2go.tr\/piacetto\/#logo"}},{"@type":"WebSite","@id":"https:\/\/tchibo2go.tr\/piacetto\/#website","url":"https:\/\/tchibo2go.tr\/piacetto\/","name":"Piacetto","description":"Eine weitere Tchibo2Go Websites Website","publisher":{"@id":"https:\/\/tchibo2go.tr\/piacetto\/#organization"},"potentialAction":[{"@type":"SearchAction","target":{"@type":"EntryPoint","urlTemplate":"https:\/\/tchibo2go.tr\/piacetto\/?s={search_term_string}"},"query-input":"required name=search_term_string"}],"inLanguage":"de"},{"@type":"WebPage","@id":"https:\/\/tchibo2go.tr\/piacetto\/#webpage","url":"https:\/\/tchibo2go.tr\/piacetto\/","name":"Her \u015fey dahil self-servis kahve bar\u0131 - Piacetto","isPartOf":{"@id":"https:\/\/tchibo2go.tr\/piacetto\/#website"},"datePublished":"2021-11-15T01:56:37+00:00","dateModified":"2024-04-22T14:36:07+00:00","description":"\u0130talyan Lezzeti - M\u00fc\u015fterilerinizi premium kahve ile memnun ederken gelirinizi \u00fcst seviyeye \u00e7\u0131kar\u0131n. Piacetto2Go hakk\u0131nda daha fazla bilgi edinin!","breadcrumb":{"@id":"https:\/\/tchibo2go.tr\/piacetto\/#breadcrumb"},"inLanguage":"de","potentialAction":[{"@type":"ReadAction","target":["https:\/\/tchibo2go.tr\/piacetto\/"]}]},{"@type":"BreadcrumbList","@id":"https:\/\/tchibo2go.tr\/piacetto\/#breadcrumb","itemListElement":[{"@type":"ListItem","position":1,"name":"Startseite","item":"https:\/\/tchibo2go.tr\/piacetto\/"},{"@type":"ListItem","position":2,"name":"Tchibo2Go &#8211; Piacetto"}]}]}},"_links":{"self":[{"href":"https:\/\/tchibo2go.tr\/piacetto\/wp-json\/wp\/v2\/pages\/118","targetHints":{"allow":["GET"]}}],"collection":[{"href":"https:\/\/tchibo2go.tr\/piacetto\/wp-json\/wp\/v2\/pages"}],"about":[{"href":"https:\/\/tchibo2go.tr\/piacetto\/wp-json\/wp\/v2\/types\/page"}],"author":[{"embeddable":true,"href":"https:\/\/tchibo2go.tr\/piacetto\/wp-json\/wp\/v2\/users\/1"}],"replies":[{"embeddable":true,"href":"https:\/\/tchibo2go.tr\/piacetto\/wp-json\/wp\/v2\/comments?post=118"}],"version-history":[{"count":68,"href":"https:\/\/tchibo2go.tr\/piacetto\/wp-json\/wp\/v2\/pages\/118\/revisions"}],"predecessor-version":[{"id":484,"href":"https:\/\/tchibo2go.tr\/piacetto\/wp-json\/wp\/v2\/pages\/118\/revisions\/484"}],"wp:attachment":[{"href":"https:\/\/tchibo2go.tr\/piacetto\/wp-json\/wp\/v2\/media?parent=118"}],"curies":[{"name":"wp","href":"https:\/\/api.w.org\/{rel}","templated":true}]}}